{"id":58757,"date":"2023-11-15T09:02:42","date_gmt":"2023-11-15T09:02:42","guid":{"rendered":"https:\/\/diaper-cake.com\/diaper-cake-neutral\/"},"modified":"2023-11-21T10:38:42","modified_gmt":"2023-11-21T10:38:42","slug":"tarta-de-panales-neutra","status":"publish","type":"page","link":"https:\/\/diaper-cake.com\/es-es\/tarta-de-panales-neutra\/","title":{"rendered":"Tarta de pa\u00f1ales neutra"},"content":{"rendered":"\t\t<div data-elementor-type=\"wp-page\" data-elementor-id=\"58757\" class=\"elementor elementor-58757 elementor-57101\" data-elementor-post-type=\"page\">\n\t\t\t\t\t\t<div class=\"elementor-inner\">\n\t\t\t\t<div class=\"elementor-section-wrap\">\n\t\t\t\t\t\t\t\t\t<section class=\"elementor-section elementor-top-section elementor-element elementor-element-5ba862e elementor-section-boxed elementor-section-gap-beside-yes elementor-section-height-default elementor-section-height-default elementor-section-column-vertical-align-stretch\" data-id=\"5ba862e\" data-element_type=\"section\">\n\t\t\t\t\t\t<div class=\"elementor-container elementor-column-gap-extended\">\n\t\t\t\t\t\t\t<div class=\"elementor-row\">\n\t\t\t\t\t<div class=\"elementor-column elementor-col-100 elementor-top-column elementor-element elementor-element-af87f50\" data-id=\"af87f50\" data-element_type=\"column\">\n\t\t\t<div class=\"elementor-column-wrap elementor-element-populated\">\n\t\t\t\t\t\t\t<div class=\"elementor-widget-wrap\">\n\t\t\t\t\t\t<div class=\"elementor-element elementor-element-e1f2d39 elementor-widget elementor-widget-text-editor\" data-id=\"e1f2d39\" data-element_type=\"widget\" data-widget_type=\"text-editor.default\">\n\t\t\t\t<div class=\"elementor-widget-container\">\n\t\t\t<style>\/*! elementor - v3.17.0 - 08-11-2023 *\/\n.elementor-widget-text-editor.elementor-drop-cap-view-stacked .elementor-drop-cap{background-color:#69727d;color:#fff}.elementor-widget-text-editor.elementor-drop-cap-view-framed .elementor-drop-cap{color:#69727d;border:3px solid;background-color:transparent}.elementor-widget-text-editor:not(.elementor-drop-cap-view-default) .elementor-drop-cap{margin-top:8px}.elementor-widget-text-editor:not(.elementor-drop-cap-view-default) .elementor-drop-cap-letter{width:1em;height:1em}.elementor-widget-text-editor .elementor-drop-cap{float:left;text-align:center;line-height:1;font-size:50px}.elementor-widget-text-editor .elementor-drop-cap-letter{display:inline-block}<\/style>\t\t\t\t\t<div class=\"elementor-text-editor elementor-clearfix\">\n\t\t\t\t<p style=\"text-align: center;\">Una tarta de pa\u00f1ales en colores neutros es el regalo ideal si a\u00fan no sabes si nacer\u00e1 un ni\u00f1o o una ni\u00f1a. Aunque no quieras regalar un color t\u00edpico, nuestros regalos de pa\u00f1ales en colores neutros te servir\u00e1n de inspiraci\u00f3n.<\/p><p style=\"text-align: center;\">Nuestros motivos para pa\u00f1ales combinan un bonito dise\u00f1o en colores neutros con un contenido \u00fatil. Los padres quedar\u00e1n encantados con la calidad superior de su regalo de pa\u00f1ales.<\/p>\t\t\t\t\t<\/div>\n\t\t\t\t\t\t<\/div>\n\t\t\t\t<\/div>\n\t\t\t\t<div class=\"elementor-element elementor-element-f34bd73 elementor-widget elementor-widget-ecomm_child_products_widget\" data-id=\"f34bd73\" data-element_type=\"widget\" data-widget_type=\"ecomm_child_products_widget.default\">\n\t\t\t\t<div class=\"elementor-widget-container\">\n\t\t\t    <div class=\"ecomm-child-products-widget\">\n                    <div class=\"ecomm-child-products-widget__item\">\n                <a class=\"ecomm-child-products-widget__item-link\" href=\"https:\/\/diaper-cake.com\/es-es\/p\/tarta-de-panales-coche\/?attribute_pa_color=neutral-es-es\"><\/a>\n                <div class=\"ecomm-child-products-widget__img\">\n                    <img decoding=\"async\" src=\"https:\/\/diaper-cake.com\/wp-content\/uploads\/2023\/11\/2757.jpg\">\n                <\/div>\n                <div class=\"ecomm-child-products-widget__title\">Tarta de pa\u00f1ales: Coche<\/div>\n                <div class=\"ecomm-child-products-widget__price\"><span class=\"woocommerce-Price-amount amount\"><bdi>59,99&nbsp;<span class=\"woocommerce-Price-currencySymbol\">&euro;<\/span><\/bdi><\/span><\/div>\n            <\/div>\n                    <div class=\"ecomm-child-products-widget__item\">\n                <a class=\"ecomm-child-products-widget__item-link\" href=\"https:\/\/diaper-cake.com\/es-es\/p\/tarta-de-panales-buho\/?attribute_pa_color=neutral-es-es\"><\/a>\n                <div class=\"ecomm-child-products-widget__img\">\n                    <img decoding=\"async\" src=\"https:\/\/diaper-cake.com\/wp-content\/uploads\/2023\/11\/500.jpg\">\n                <\/div>\n                <div class=\"ecomm-child-products-widget__title\">Tarta de pa\u00f1ales: B\u00faho<\/div>\n                <div class=\"ecomm-child-products-widget__price\"><span class=\"woocommerce-Price-amount amount\"><bdi>59,99&nbsp;<span class=\"woocommerce-Price-currencySymbol\">&euro;<\/span><\/bdi><\/span><\/div>\n            <\/div>\n                    <div class=\"ecomm-child-products-widget__item\">\n                <a class=\"ecomm-child-products-widget__item-link\" href=\"https:\/\/diaper-cake.com\/es-es\/p\/tarta-de-panales-ranura\/?attribute_pa_color=neutral-es-es\"><\/a>\n                <div class=\"ecomm-child-products-widget__img\">\n                    <img decoding=\"async\" src=\"https:\/\/diaper-cake.com\/wp-content\/uploads\/2023\/11\/4017.jpg\">\n                <\/div>\n                <div class=\"ecomm-child-products-widget__title\">Tarta de pa\u00f1ales: Ranura<\/div>\n                <div class=\"ecomm-child-products-widget__price\"><span class=\"woocommerce-Price-amount amount\"><bdi>59,99&nbsp;<span class=\"woocommerce-Price-currencySymbol\">&euro;<\/span><\/bdi><\/span><\/div>\n            <\/div>\n                    <div class=\"ecomm-child-products-widget__item\">\n                <a class=\"ecomm-child-products-widget__item-link\" href=\"https:\/\/diaper-cake.com\/es-es\/p\/tarta-de-panales-bomberos\/?attribute_pa_color=neutral-es-es\"><\/a>\n                <div class=\"ecomm-child-products-widget__img\">\n                    <img decoding=\"async\" src=\"https:\/\/diaper-cake.com\/wp-content\/uploads\/2023\/11\/12122.jpg\">\n                <\/div>\n                <div class=\"ecomm-child-products-widget__title\">Tarta de pa\u00f1ales: Bomberos<\/div>\n                <div class=\"ecomm-child-products-widget__price\"><span class=\"woocommerce-Price-amount amount\"><bdi>79,99&nbsp;<span class=\"woocommerce-Price-currencySymbol\">&euro;<\/span><\/bdi><\/span><\/div>\n            <\/div>\n                    <div class=\"ecomm-child-products-widget__item\">\n                <a class=\"ecomm-child-products-widget__item-link\" href=\"https:\/\/diaper-cake.com\/es-es\/p\/tarta-de-panales-avion\/?attribute_pa_color=neutral-es-es\"><\/a>\n                <div class=\"ecomm-child-products-widget__img\">\n                    <img decoding=\"async\" src=\"https:\/\/diaper-cake.com\/wp-content\/uploads\/2023\/11\/6993.jpg\">\n                <\/div>\n                <div class=\"ecomm-child-products-widget__title\">Tarta de pa\u00f1ales: Avi\u00f3n<\/div>\n                <div class=\"ecomm-child-products-widget__price\"><span class=\"woocommerce-Price-amount amount\"><bdi>59,99&nbsp;<span class=\"woocommerce-Price-currencySymbol\">&euro;<\/span><\/bdi><\/span><\/div>\n            <\/div>\n                    <div class=\"ecomm-child-products-widget__item\">\n                <a class=\"ecomm-child-products-widget__item-link\" href=\"https:\/\/diaper-cake.com\/es-es\/p\/tarta-de-panales-zorro\/?attribute_pa_color=neutral-es-es\"><\/a>\n                <div class=\"ecomm-child-products-widget__img\">\n                    <img decoding=\"async\" src=\"https:\/\/diaper-cake.com\/wp-content\/uploads\/2023\/11\/3313.jpg\">\n                <\/div>\n                <div class=\"ecomm-child-products-widget__title\">Tarta de pa\u00f1ales: Zorro<\/div>\n                <div class=\"ecomm-child-products-widget__price\"><span class=\"woocommerce-Price-amount amount\"><bdi>59,99&nbsp;<span class=\"woocommerce-Price-currencySymbol\">&euro;<\/span><\/bdi><\/span><\/div>\n            <\/div>\n                    <div class=\"ecomm-child-products-widget__item\">\n                <a class=\"ecomm-child-products-widget__item-link\" href=\"https:\/\/diaper-cake.com\/es-es\/p\/tarta-de-panales-futbol\/?attribute_pa_color=neutral-es-es\"><\/a>\n                <div class=\"ecomm-child-products-widget__img\">\n                    <img decoding=\"async\" src=\"https:\/\/diaper-cake.com\/wp-content\/uploads\/2023\/11\/6695.jpg\">\n                <\/div>\n                <div class=\"ecomm-child-products-widget__title\">Tarta de pa\u00f1ales: F\u00fatbol<\/div>\n                <div class=\"ecomm-child-products-widget__price\"><span class=\"woocommerce-Price-amount amount\"><bdi>59,99&nbsp;<span class=\"woocommerce-Price-currencySymbol\">&euro;<\/span><\/bdi><\/span><\/div>\n            <\/div>\n                    <div class=\"ecomm-child-products-widget__item\">\n                <a class=\"ecomm-child-products-widget__item-link\" href=\"https:\/\/diaper-cake.com\/es-es\/p\/tarta-de-panales-jirafa\/?attribute_pa_color=neutral-es-es\"><\/a>\n                <div class=\"ecomm-child-products-widget__img\">\n                    <img decoding=\"async\" src=\"https:\/\/diaper-cake.com\/wp-content\/uploads\/2023\/11\/2255.jpg\">\n                <\/div>\n                <div class=\"ecomm-child-products-widget__title\">Tarta de pa\u00f1ales: Jirafa<\/div>\n                <div class=\"ecomm-child-products-widget__price\"><span class=\"woocommerce-Price-amount amount\"><bdi>59,99&nbsp;<span class=\"woocommerce-Price-currencySymbol\">&euro;<\/span><\/bdi><\/span><\/div>\n            <\/div>\n                    <div class=\"ecomm-child-products-widget__item\">\n                <a class=\"ecomm-child-products-widget__item-link\" href=\"https:\/\/diaper-cake.com\/es-es\/p\/tarta-de-panales-jirafa-pequena\/?attribute_pa_color=neutral-es-es\"><\/a>\n                <div class=\"ecomm-child-products-widget__img\">\n                    <img decoding=\"async\" src=\"https:\/\/diaper-cake.com\/wp-content\/uploads\/2023\/11\/4407.jpg\">\n                <\/div>\n                <div class=\"ecomm-child-products-widget__title\">Tarta de pa\u00f1ales: Jirafa peque\u00f1a<\/div>\n                <div class=\"ecomm-child-products-widget__price\"><span class=\"woocommerce-Price-amount amount\"><bdi>34,99&nbsp;<span class=\"woocommerce-Price-currencySymbol\">&euro;<\/span><\/bdi><\/span><\/div>\n            <\/div>\n                    <div class=\"ecomm-child-products-widget__item\">\n                <a class=\"ecomm-child-products-widget__item-link\" href=\"https:\/\/diaper-cake.com\/es-es\/p\/tarta-de-panales-perro-con-hocico\/?attribute_pa_color=neutral-es-es\"><\/a>\n                <div class=\"ecomm-child-products-widget__img\">\n                    <img decoding=\"async\" src=\"https:\/\/diaper-cake.com\/wp-content\/uploads\/2023\/11\/20122.jpg\">\n                <\/div>\n                <div class=\"ecomm-child-products-widget__title\">Tarta de pa\u00f1ales: Perro con hocico<\/div>\n                <div class=\"ecomm-child-products-widget__price\"><span class=\"woocommerce-Price-amount amount\"><bdi>59,99&nbsp;<span class=\"woocommerce-Price-currencySymbol\">&euro;<\/span><\/bdi><\/span><\/div>\n            <\/div>\n                    <div class=\"ecomm-child-products-widget__item\">\n                <a class=\"ecomm-child-products-widget__item-link\" href=\"https:\/\/diaper-cake.com\/es-es\/p\/tarta-de-panales-paseante\/?attribute_pa_color=neutral-es-es\"><\/a>\n                <div class=\"ecomm-child-products-widget__img\">\n                    <img decoding=\"async\" src=\"https:\/\/diaper-cake.com\/wp-content\/uploads\/2023\/11\/4015.jpg\">\n                <\/div>\n                <div class=\"ecomm-child-products-widget__title\">Tarta de pa\u00f1ales: Paseante<\/div>\n                <div class=\"ecomm-child-products-widget__price\"><span class=\"woocommerce-Price-amount amount\"><bdi>59,99&nbsp;<span class=\"woocommerce-Price-currencySymbol\">&euro;<\/span><\/bdi><\/span><\/div>\n            <\/div>\n                    <div class=\"ecomm-child-products-widget__item\">\n                <a class=\"ecomm-child-products-widget__item-link\" href=\"https:\/\/diaper-cake.com\/es-es\/p\/tarta-de-panales-cochecito-con-burrito\/?attribute_pa_color=neutral-es-es\"><\/a>\n                <div class=\"ecomm-child-products-widget__img\">\n                    <img decoding=\"async\" src=\"https:\/\/diaper-cake.com\/wp-content\/uploads\/2023\/11\/9408.jpg\">\n                <\/div>\n                <div class=\"ecomm-child-products-widget__title\">Tarta de pa\u00f1ales: Cochecito con burrito<\/div>\n                <div class=\"ecomm-child-products-widget__price\"><span class=\"woocommerce-Price-amount amount\"><bdi>69,99&nbsp;<span class=\"woocommerce-Price-currencySymbol\">&euro;<\/span><\/bdi><\/span><\/div>\n            <\/div>\n                    <div class=\"ecomm-child-products-widget__item\">\n                <a class=\"ecomm-child-products-widget__item-link\" href=\"https:\/\/diaper-cake.com\/es-es\/p\/lama\/?attribute_pa_color=neutral-es-es\"><\/a>\n                <div class=\"ecomm-child-products-widget__img\">\n                    <img decoding=\"async\" src=\"https:\/\/diaper-cake.com\/wp-content\/uploads\/2023\/11\/4596.jpg\">\n                <\/div>\n                <div class=\"ecomm-child-products-widget__title\">Tarta de pa\u00f1ales: Llama<\/div>\n                <div class=\"ecomm-child-products-widget__price\"><span class=\"woocommerce-Price-amount amount\"><bdi>59,99&nbsp;<span class=\"woocommerce-Price-currencySymbol\">&euro;<\/span><\/bdi><\/span><\/div>\n            <\/div>\n                    <div class=\"ecomm-child-products-widget__item\">\n                <a class=\"ecomm-child-products-widget__item-link\" href=\"https:\/\/diaper-cake.com\/es-es\/p\/tarta-de-panales-arbol-de-la-vida\/?attribute_pa_color=neutral-es-es\"><\/a>\n                <div class=\"ecomm-child-products-widget__img\">\n                    <img decoding=\"async\" src=\"https:\/\/diaper-cake.com\/wp-content\/uploads\/2023\/11\/17826.jpg\">\n                <\/div>\n                <div class=\"ecomm-child-products-widget__title\">Tarta de pa\u00f1ales: \u00c1rbol de la vida<\/div>\n                <div class=\"ecomm-child-products-widget__price\"><span class=\"woocommerce-Price-amount amount\"><bdi>59,99&nbsp;<span class=\"woocommerce-Price-currencySymbol\">&euro;<\/span><\/bdi><\/span><\/div>\n            <\/div>\n                    <div class=\"ecomm-child-products-widget__item\">\n                <a class=\"ecomm-child-products-widget__item-link\" href=\"https:\/\/diaper-cake.com\/es-es\/p\/tarta-de-panales-motocicleta\/?attribute_pa_color=neutral-es-es\"><\/a>\n                <div class=\"ecomm-child-products-widget__img\">\n                    <img decoding=\"async\" src=\"https:\/\/diaper-cake.com\/wp-content\/uploads\/2023\/11\/2431.jpg\">\n                <\/div>\n                <div class=\"ecomm-child-products-widget__title\">Tarta de pa\u00f1ales: Motocicleta<\/div>\n                <div class=\"ecomm-child-products-widget__price\"><span class=\"woocommerce-Price-amount amount\"><bdi>59,99&nbsp;<span class=\"woocommerce-Price-currencySymbol\">&euro;<\/span><\/bdi><\/span><\/div>\n            <\/div>\n                    <div class=\"ecomm-child-products-widget__item\">\n                <a class=\"ecomm-child-products-widget__item-link\" href=\"https:\/\/diaper-cake.com\/es-es\/p\/tarta-de-panales-policia\/?attribute_pa_color=neutral-es-es\"><\/a>\n                <div class=\"ecomm-child-products-widget__img\">\n                    <img decoding=\"async\" src=\"https:\/\/diaper-cake.com\/wp-content\/uploads\/2023\/11\/19699.jpg\">\n                <\/div>\n                <div class=\"ecomm-child-products-widget__title\">Tarta de pa\u00f1ales: Polic\u00eda<\/div>\n                <div class=\"ecomm-child-products-widget__price\"><span class=\"woocommerce-Price-amount amount\"><bdi>59,99&nbsp;<span class=\"woocommerce-Price-currencySymbol\">&euro;<\/span><\/bdi><\/span><\/div>\n            <\/div>\n                    <div class=\"ecomm-child-products-widget__item\">\n                <a class=\"ecomm-child-products-widget__item-link\" href=\"https:\/\/diaper-cake.com\/es-es\/p\/schmetterling\/?attribute_pa_color=neutral-es-es\"><\/a>\n                <div class=\"ecomm-child-products-widget__img\">\n                    <img decoding=\"async\" src=\"https:\/\/diaper-cake.com\/wp-content\/uploads\/2023\/11\/10148.jpeg\">\n                <\/div>\n                <div class=\"ecomm-child-products-widget__title\">Schmetterling<\/div>\n                <div class=\"ecomm-child-products-widget__price\"><span class=\"woocommerce-Price-amount amount\"><bdi>59,99&nbsp;<span class=\"woocommerce-Price-currencySymbol\">&euro;<\/span><\/bdi><\/span><\/div>\n            <\/div>\n                    <div class=\"ecomm-child-products-widget__item\">\n                <a class=\"ecomm-child-products-widget__item-link\" href=\"https:\/\/diaper-cake.com\/es-es\/p\/tarta-de-panales-tractor\/?attribute_pa_color=neutral-es-es\"><\/a>\n                <div class=\"ecomm-child-products-widget__img\">\n                    <img decoding=\"async\" src=\"https:\/\/diaper-cake.com\/wp-content\/uploads\/2023\/11\/Windeltorte-Traktor-Neutral.jpeg\">\n                <\/div>\n                <div class=\"ecomm-child-products-widget__title\">Tarta de pa\u00f1ales: Tractor<\/div>\n                <div class=\"ecomm-child-products-widget__price\"><span class=\"woocommerce-Price-amount amount\"><bdi>59,99&nbsp;<span class=\"woocommerce-Price-currencySymbol\">&euro;<\/span><\/bdi><\/span><\/div>\n            <\/div>\n            <\/div>\n    \t\t<\/div>\n\t\t\t\t<\/div>\n\t\t\t\t\t\t<\/div>\n\t\t\t\t\t<\/div>\n\t\t<\/div>\n\t\t\t\t\t\t\t\t<\/div>\n\t\t\t\t\t<\/div>\n\t\t<\/section>\n\t\t\t\t\t\t\t\t\t<\/div>\n\t\t\t<\/div>\n\t\t\t\t\t<\/div>\n\t\t","protected":false},"excerpt":{"rendered":"<p>Una tarta de pa\u00f1ales en colores neutros es el regalo ideal si a\u00fan no sabes si nacer\u00e1 un ni\u00f1o o una ni\u00f1a. Aunque no quieras regalar un color t\u00edpico, nuestros regalos de pa\u00f1ales en colores neutros te servir\u00e1n de inspiraci\u00f3n. Nuestros motivos para pa\u00f1ales combinan un bonito dise\u00f1o en colores neutros con un contenido \u00fatil. Los padres quedar\u00e1n encantados con la calidad superior de su regalo de pa\u00f1ales. Tarta de pa\u00f1ales: coche 59,99&nbsp;&euro; Tarta de pa\u00f1ales: B\u00faho 59,99&nbsp;&euro; Tarta de pa\u00f1ales: ranura 59,99&nbsp;&euro; Tarta de pa\u00f1ales: Avi\u00f3n 59,99&nbsp;&euro; Tarta de pa\u00f1ales: Zorro 59,99&nbsp;&euro; Tarta de pa\u00f1ales: jirafa 59,99&nbsp;&euro; Tarta de pa\u00f1ales: Jirafa peque\u00f1a 34,99&nbsp;&euro; Tarta de pa\u00f1ales: paseante 59,99&nbsp;&euro; Tarta de pa\u00f1ales: cochecito con burrito 69,99&nbsp;&euro; Tarta de pa\u00f1ales: \u00c1rbol de la vida 59,99&nbsp;&euro; Tarta de pa\u00f1ales: motocicleta 59,99&nbsp;&euro; Tarta de pa\u00f1ales: polic\u00eda 59,99&nbsp;&euro; Tarta de pa\u00f1ales: rescate 69,99&nbsp;&euro; Tarta de pa\u00f1ales: tractor 59,99&nbsp;&euro;<\/p>\n","protected":false},"author":1,"featured_media":0,"parent":0,"menu_order":0,"comment_status":"closed","ping_status":"closed","template":"","meta":{"footnotes":""},"class_list":["post-58757","page","type-page","status-publish","hentry","post-no-thumbnail"],"_links":{"self":[{"href":"https:\/\/diaper-cake.com\/es-es\/wp-json\/wp\/v2\/pages\/58757","targetHints":{"allow":["GET"]}}],"collection":[{"href":"https:\/\/diaper-cake.com\/es-es\/wp-json\/wp\/v2\/pages"}],"about":[{"href":"https:\/\/diaper-cake.com\/es-es\/wp-json\/wp\/v2\/types\/page"}],"author":[{"embeddable":true,"href":"https:\/\/diaper-cake.com\/es-es\/wp-json\/wp\/v2\/users\/1"}],"replies":[{"embeddable":true,"href":"https:\/\/diaper-cake.com\/es-es\/wp-json\/wp\/v2\/comments?post=58757"}],"version-history":[{"count":3,"href":"https:\/\/diaper-cake.com\/es-es\/wp-json\/wp\/v2\/pages\/58757\/revisions"}],"predecessor-version":[{"id":58764,"href":"https:\/\/diaper-cake.com\/es-es\/wp-json\/wp\/v2\/pages\/58757\/revisions\/58764"}],"wp:attachment":[{"href":"https:\/\/diaper-cake.com\/es-es\/wp-json\/wp\/v2\/media?parent=58757"}],"curies":[{"name":"wp","href":"https:\/\/api.w.org\/{rel}","templated":true}]}}