{"id":524,"date":"2021-07-21T01:35:48","date_gmt":"2021-07-21T01:35:48","guid":{"rendered":"https:\/\/diaper-cake.com\/contact-us-v1\/"},"modified":"2023-11-14T12:07:24","modified_gmt":"2023-11-14T12:07:24","slug":"contact-us","status":"publish","type":"page","link":"https:\/\/diaper-cake.com\/en\/contact-us\/","title":{"rendered":"Contact Us"},"content":{"rendered":"\t\t<div data-elementor-type=\"wp-page\" data-elementor-id=\"524\" class=\"elementor elementor-524\" data-elementor-post-type=\"page\">\n\t\t\t\t\t\t<div class=\"elementor-inner\">\n\t\t\t\t<div class=\"elementor-section-wrap\">\n\t\t\t\t\t\t\t\t\t<section class=\"elementor-section elementor-top-section elementor-element elementor-element-3a8717c elementor-section-boxed elementor-section-gap-beside-yes elementor-section-height-default elementor-section-height-default elementor-section-column-vertical-align-stretch\" data-id=\"3a8717c\" data-element_type=\"section\">\n\t\t\t\t\t\t<div class=\"elementor-container elementor-column-gap-extended\">\n\t\t\t\t\t\t\t<div class=\"elementor-row\">\n\t\t\t\t\t<div class=\"elementor-column elementor-col-100 elementor-top-column elementor-element elementor-element-ef8f7d8\" data-id=\"ef8f7d8\" data-element_type=\"column\">\n\t\t\t<div class=\"elementor-column-wrap elementor-element-populated\">\n\t\t\t\t\t\t\t<div class=\"elementor-widget-wrap\">\n\t\t\t\t\t\t<div class=\"elementor-element elementor-element-56197d0 elementor-invisible elementor-widget elementor-widget-tm-heading\" data-id=\"56197d0\" data-element_type=\"widget\" data-settings=\"{&quot;_animation&quot;:&quot;tmFadeInUp&quot;}\" data-widget_type=\"tm-heading.default\">\n\t\t\t\t<div class=\"elementor-widget-container\">\n\t\t\t\t\t<div class=\"tm-modern-heading tm-modern-heading--style-01\">\n\t\t\t\n\t\t\t\t\t<div class=\"heading-primary-wrap\">\n\t\t\t<h2 class=\"heading-primary elementor-heading-title\">Keep in touch with us<\/h2>\t\t<\/div>\n\t\t\n\t\t\t\n\t\t\t\t\t<div class=\"heading-description-wrap\">\n\t\t\t<div class=\"heading-description\">\n\t\t\t\t<p>If you have any questions regarding our articles, processing or your orders, we are of course at your disposal.<\/p><p>You can of course also write to us directly easy on Facebook &amp; Instagram.<\/p>\t\t\t<\/div>\n\t\t<\/div>\n\t\t\t\t<\/div>\n\t\t\t\t<\/div>\n\t\t\t\t<\/div>\n\t\t\t\t\t\t<\/div>\n\t\t\t\t\t<\/div>\n\t\t<\/div>\n\t\t\t\t\t\t\t\t<\/div>\n\t\t\t\t\t<\/div>\n\t\t<\/section>\n\t\t\t\t<section class=\"elementor-section elementor-top-section elementor-element elementor-element-942049d elementor-section-boxed elementor-section-gap-beside-yes elementor-section-height-default elementor-section-height-default elementor-section-column-vertical-align-stretch\" data-id=\"942049d\" data-element_type=\"section\">\n\t\t\t\t\t\t<div class=\"elementor-container elementor-column-gap-extended\">\n\t\t\t\t\t\t\t<div class=\"elementor-row\">\n\t\t\t\t\t<div class=\"elementor-column elementor-col-33 elementor-top-column elementor-element elementor-element-fa2c668\" data-id=\"fa2c668\" data-element_type=\"column\">\n\t\t\t<div class=\"elementor-column-wrap elementor-element-populated\">\n\t\t\t\t\t\t\t<div class=\"elementor-widget-wrap\">\n\t\t\t\t\t\t<div class=\"elementor-element elementor-element-ec923e1 ecomm-view-default ecomm-shape-circle elementor-position-left elementor-vertical-align-top elementor-invisible elementor-widget elementor-widget-tm-icon-box-list\" data-id=\"ec923e1\" data-element_type=\"widget\" data-settings=\"{&quot;_animation&quot;:&quot;tmFadeInUp&quot;}\" data-widget_type=\"tm-icon-box-list.default\">\n\t\t\t\t<div class=\"elementor-widget-container\">\n\t\t\t\t\t<div class=\"tm-icon-box-list ecomm-box\">\n\t\t\t<div class=\"tm-icon-box-list__wrapper\">\n\t\t\t\t\t\t<div class=\"ecomm-icon-wrap\">\n\t\t\t<div class=\"ecomm-icon-view\">\n\t\t\t\t<div class=\"ecomm-icon icon ecomm-svg-icon ecomm-solid-icon\">\n\t\t\t\t\t\t\t\t\t<\/div>\n\t\t\t<\/div>\n\t\t<\/div>\n\t\t\n\t\t\t\t<div class=\"tm-icon-box-list__content\">\n\t\t\t\t\t<h3 class=\"tm-icon-box-list__heading\"><span >Address<\/span><\/h3>\t\t\t\t\t\t\t<ul class=\"box-list\">\n\t\t\t<li class=\"box-list__item\"><span class=\"box-list__text\"><b>Production \/ Logistics \/ Pick-Up &amp; Returns: <\/b><\/br>\nwindeltorte.com<\/br>\nGm\u00fcnder Stra\u00dfe 43<\/br>\n3943 Schrems<\/br>\nAustria<\/br>\n<\/span><\/li><li class=\"box-list__item\"><span class=\"box-list__text\"><b>Head Quarter<\/br><\/b>\n brandnation GmbH\nSalzburger Stra\u00dfe 75<\/br>\n5303 Thalgau<\/br>\nAustria<\/br><\/span><\/li>\t\t<\/ul>\n\t\t\t\t\t\t<\/div>\n\t\t\t<\/div>\n\t\t<\/div>\n\t\t\t\t<\/div>\n\t\t\t\t<\/div>\n\t\t\t\t<div class=\"elementor-element elementor-element-2247e54 elementor-invisible elementor-widget elementor-widget-tm-button\" data-id=\"2247e54\" data-element_type=\"widget\" data-settings=\"{&quot;_animation&quot;:&quot;tmFadeInUp&quot;}\" data-widget_type=\"tm-button.default\">\n\t\t\t\t<div class=\"elementor-widget-container\">\n\t\t\t\t\t<div class=\"tm-button-wrapper\">\n\t\t\t<a href=\"https:\/\/maps.app.goo.gl\/KCzWLZKS2vUYwj3g6\" class=\"tm-button-link tm-button style-border tm-button-nm\" role=\"button\">\n\t\t\t\t<div class=\"tm-button__border\"><\/div>\n\t\t\t\t\t\t<div class=\"button-content-wrapper\">\n\t\t\t\n\t\t\t\t\t<div class=\"button-text\">\n\t\t\t\n\t\t\tGoogle Map - Route\n\t\t\t\n\t\t\t\t\t<\/div>\n\t\t\n\t\t\t\t\t<\/div>\n\t\t\n\t\t\t\t\t\t\t<\/a>\n\t\t<\/div>\n\t\t\t\t<\/div>\n\t\t\t\t<\/div>\n\t\t\t\t\t\t<\/div>\n\t\t\t\t\t<\/div>\n\t\t<\/div>\n\t\t\t\t<div class=\"elementor-column elementor-col-33 elementor-top-column elementor-element elementor-element-4c4e704\" data-id=\"4c4e704\" data-element_type=\"column\">\n\t\t\t<div class=\"elementor-column-wrap elementor-element-populated\">\n\t\t\t\t\t\t\t<div class=\"elementor-widget-wrap\">\n\t\t\t\t\t\t<div class=\"elementor-element elementor-element-1c9afc4 ecomm-view-default ecomm-shape-circle elementor-position-left elementor-vertical-align-top elementor-invisible elementor-widget elementor-widget-tm-icon-box-list\" data-id=\"1c9afc4\" data-element_type=\"widget\" data-settings=\"{&quot;_animation&quot;:&quot;tmFadeInUp&quot;}\" data-widget_type=\"tm-icon-box-list.default\">\n\t\t\t\t<div class=\"elementor-widget-container\">\n\t\t\t\t\t<div class=\"tm-icon-box-list ecomm-box\">\n\t\t\t<div class=\"tm-icon-box-list__wrapper\">\n\t\t\t\t\t\t<div class=\"ecomm-icon-wrap\">\n\t\t\t<div class=\"ecomm-icon-view\">\n\t\t\t\t<div class=\"ecomm-icon icon ecomm-svg-icon ecomm-solid-icon\">\n\t\t\t\t\t\t\t\t\t<\/div>\n\t\t\t<\/div>\n\t\t<\/div>\n\t\t\n\t\t\t\t<div class=\"tm-icon-box-list__content\">\n\t\t\t\t\t<h3 class=\"tm-icon-box-list__heading\"><span >Contact<\/span><\/h3>\t\t\t\t\t\t\t<ul class=\"box-list\">\n\t\t\t<li class=\"box-list__item\"><a class=\"box-list__text\" href=\"tel:+43%20720310388\"><span style=\"color:#696969\">Hotline:<\/span> <b>+43 720310388<\/b><\/a><\/li><li class=\"box-list__item\"><span class=\"box-list__text\">E-mail: hello@windeltorte.com<\/span><\/li>\t\t<\/ul>\n\t\t\t\t\t\t<\/div>\n\t\t\t<\/div>\n\t\t<\/div>\n\t\t\t\t<\/div>\n\t\t\t\t<\/div>\n\t\t\t\t\t\t<\/div>\n\t\t\t\t\t<\/div>\n\t\t<\/div>\n\t\t\t\t<div class=\"elementor-column elementor-col-33 elementor-top-column elementor-element elementor-element-d762aac\" data-id=\"d762aac\" data-element_type=\"column\">\n\t\t\t<div class=\"elementor-column-wrap elementor-element-populated\">\n\t\t\t\t\t\t\t<div class=\"elementor-widget-wrap\">\n\t\t\t\t\t\t<div class=\"elementor-element elementor-element-7fb9133 ecomm-view-default ecomm-shape-circle elementor-position-left elementor-vertical-align-top elementor-invisible elementor-widget elementor-widget-tm-icon-box-list\" data-id=\"7fb9133\" data-element_type=\"widget\" data-settings=\"{&quot;_animation&quot;:&quot;tmFadeInUp&quot;}\" data-widget_type=\"tm-icon-box-list.default\">\n\t\t\t\t<div class=\"elementor-widget-container\">\n\t\t\t\t\t<div class=\"tm-icon-box-list ecomm-box\">\n\t\t\t<div class=\"tm-icon-box-list__wrapper\">\n\t\t\t\t\t\t<div class=\"ecomm-icon-wrap\">\n\t\t\t<div class=\"ecomm-icon-view\">\n\t\t\t\t<div class=\"ecomm-icon icon ecomm-svg-icon ecomm-solid-icon\">\n\t\t\t\t\t\t\t\t\t<\/div>\n\t\t\t<\/div>\n\t\t<\/div>\n\t\t\n\t\t\t\t<div class=\"tm-icon-box-list__content\">\n\t\t\t\t\t<h3 class=\"tm-icon-box-list__heading\"><span >Opening hours<\/span><\/h3>\t\t\t\t\t\t\t<ul class=\"box-list\">\n\t\t\t<li class=\"box-list__item\"><span class=\"box-list__text\">Mon - Fri: 08:30 - 12:00 <\/br><\/br>\nAfterwards \/ Sat &amp; Sun:\n<\/br> Pick-up box <\/br>\n<\/br>\n\n<b>Hotline: 24 hours \/ 7 days<\/b><\/span><\/li>\t\t<\/ul>\n\t\t\t\t\t\t<\/div>\n\t\t\t<\/div>\n\t\t<\/div>\n\t\t\t\t<\/div>\n\t\t\t\t<\/div>\n\t\t\t\t\t\t<\/div>\n\t\t\t\t\t<\/div>\n\t\t<\/div>\n\t\t\t\t\t\t\t\t<\/div>\n\t\t\t\t\t<\/div>\n\t\t<\/section>\n\t\t\t\t<section class=\"elementor-section elementor-top-section elementor-element elementor-element-8504843 elementor-section-boxed elementor-section-gap-beside-yes elementor-section-height-default elementor-section-height-default elementor-section-column-vertical-align-stretch\" data-id=\"8504843\" data-element_type=\"section\">\n\t\t\t\t\t\t<div class=\"elementor-container elementor-column-gap-extended\">\n\t\t\t\t\t\t\t<div class=\"elementor-row\">\n\t\t\t\t\t<div class=\"elementor-column elementor-col-100 elementor-top-column elementor-element elementor-element-7978d85\" data-id=\"7978d85\" data-element_type=\"column\">\n\t\t\t<div class=\"elementor-column-wrap elementor-element-populated\">\n\t\t\t\t\t\t\t<div class=\"elementor-widget-wrap\">\n\t\t\t\t\t\t<div class=\"elementor-element elementor-element-b46a3d8 elementor-invisible elementor-widget elementor-widget-tm-google-map\" data-id=\"b46a3d8\" data-element_type=\"widget\" data-settings=\"{&quot;_animation&quot;:&quot;tmFadeInUp&quot;}\" data-widget_type=\"tm-google-map.default\">\n\t\t\t\t<div class=\"elementor-widget-container\">\n\t\t\t\t\t<div class=\"tm-google-map marker-style-icon\">\n\t\t\t<div class=\"map\"><\/div>\n\t\t\t<div class=\"map-options display-none\">\n\t\t\t\t{\"settings\":{\"zoom\":12,\"mapTypeControl\":false,\"mapTypeId\":\"roadmap\",\"styles\":[{\"featureType\":\"water\",\"elementType\":\"geometry\",\"stylers\":[{\"color\":\"#e9e9e9\"},{\"lightness\":17}]},{\"featureType\":\"landscape\",\"elementType\":\"geometry\",\"stylers\":[{\"color\":\"#f5f5f5\"},{\"lightness\":20}]},{\"featureType\":\"road.highway\",\"elementType\":\"geometry.fill\",\"stylers\":[{\"color\":\"#ffffff\"},{\"lightness\":17}]},{\"featureType\":\"road.highway\",\"elementType\":\"geometry.stroke\",\"stylers\":[{\"color\":\"#ffffff\"},{\"lightness\":29},{\"weight\":0.200000000000000011102230246251565404236316680908203125}]},{\"featureType\":\"road.arterial\",\"elementType\":\"geometry\",\"stylers\":[{\"color\":\"#ffffff\"},{\"lightness\":18}]},{\"featureType\":\"road.local\",\"elementType\":\"geometry\",\"stylers\":[{\"color\":\"#ffffff\"},{\"lightness\":16}]},{\"featureType\":\"poi\",\"elementType\":\"geometry\",\"stylers\":[{\"color\":\"#f5f5f5\"},{\"lightness\":21}]},{\"featureType\":\"poi.park\",\"elementType\":\"geometry\",\"stylers\":[{\"color\":\"#dedede\"},{\"lightness\":21}]},{\"elementType\":\"labels.text.stroke\",\"stylers\":[{\"visibility\":\"on\"},{\"color\":\"#ffffff\"},{\"lightness\":16}]},{\"elementType\":\"labels.text.fill\",\"stylers\":[{\"saturation\":36},{\"color\":\"#333333\"},{\"lightness\":40}]},{\"elementType\":\"labels.icon\",\"stylers\":[{\"visibility\":\"off\"}]},{\"featureType\":\"transit\",\"elementType\":\"geometry\",\"stylers\":[{\"color\":\"#f2f2f2\"},{\"lightness\":19}]},{\"featureType\":\"administrative\",\"elementType\":\"geometry.fill\",\"stylers\":[{\"color\":\"#fefefe\"},{\"lightness\":20}]},{\"featureType\":\"administrative\",\"elementType\":\"geometry.stroke\",\"stylers\":[{\"color\":\"#fefefe\"},{\"lightness\":17},{\"weight\":1.1999999999999999555910790149937383830547332763671875}]}],\"zoomControl\":false,\"scaleControl\":false,\"streetViewControl\":false,\"fullscreenControl\":false,\"scrollwheel\":true,\"draggable\":true,\"center\":[\"48.79076203146563\",\" 15.05989038283769\"]},\"marker\":[{\"position\":[\"48.79076203146563\",\" 15.05989038283769\"]}],\"overlay\":[{\"position\":[\"48.79076203146563\",\" 15.05989038283769\"],\"content\":\"\\u003Cdiv class=\\u0022ecomm-map-overlay ecomm-map-overlay- elementor-repeater-item-31594d9\\u0022\\u003E\\u003Cdiv class=\\u0022gmap-info-wrapper style-icon\\u0022\\u003E\\u003Cdiv class=\\u0022gmap-marker-icon\\u0022\\u003E\\u003Cimg src=\\u0022https:\\\/\\\/diaper-cake.com\\\/wp-content\\\/uploads\\\/2021\\\/09\\\/maker.png\\u0022  \\\/\\u003E\\u003C\\\/div\\u003E\\u003C\\\/div\\u003E\\u003C\\\/div\\u003E\"}]}\t\t\t<\/div>\n\t\t<\/div>\n\t\t\t\t<\/div>\n\t\t\t\t<\/div>\n\t\t\t\t\t\t<\/div>\n\t\t\t\t\t<\/div>\n\t\t<\/div>\n\t\t\t\t\t\t\t\t<\/div>\n\t\t\t\t\t<\/div>\n\t\t<\/section>\n\t\t\t\t<section class=\"elementor-section elementor-top-section elementor-element elementor-element-2e0551d elementor-section-boxed elementor-section-gap-beside-yes elementor-section-height-default elementor-section-height-default elementor-section-content-align-center elementor-section-column-vertical-align-stretch\" data-id=\"2e0551d\" data-element_type=\"section\">\n\t\t\t\t\t\t<div class=\"elementor-container elementor-column-gap-extended\">\n\t\t\t\t\t\t\t<div class=\"elementor-row\">\n\t\t\t\t\t<div class=\"elementor-column elementor-col-100 elementor-top-column elementor-element elementor-element-567856d\" data-id=\"567856d\" data-element_type=\"column\">\n\t\t\t<div class=\"elementor-column-wrap elementor-element-populated\">\n\t\t\t\t\t\t\t<div class=\"elementor-widget-wrap\">\n\t\t\t\t\t\t<div class=\"elementor-element elementor-element-72e8e34 elementor-invisible elementor-widget elementor-widget-tm-heading\" data-id=\"72e8e34\" data-element_type=\"widget\" data-settings=\"{&quot;_animation&quot;:&quot;tmFadeInUp&quot;}\" data-widget_type=\"tm-heading.default\">\n\t\t\t\t<div class=\"elementor-widget-container\">\n\t\t\t\t\t<div class=\"tm-modern-heading tm-modern-heading--style-01\">\n\t\t\t\n\t\t\t\t\t<div class=\"heading-primary-wrap\">\n\t\t\t<h2 class=\"heading-primary elementor-heading-title\">Sent a message<\/h2>\t\t<\/div>\n\t\t\n\t\t\t\n\t\t\t\t\t<\/div>\n\t\t\t\t<\/div>\n\t\t\t\t<\/div>\n\t\t\t\t<div class=\"elementor-element elementor-element-721c80d ecomm-wpforms-style-00 elementor-invisible elementor-widget elementor-widget-wpforms\" data-id=\"721c80d\" data-element_type=\"widget\" data-settings=\"{&quot;_animation&quot;:&quot;tmFadeInUp&quot;}\" data-widget_type=\"wpforms.default\">\n\t\t\t\t<div class=\"elementor-widget-container\">\n\t\t\t<style id=\"wpforms-css-vars-root\">\n\t\t\t\t:root {\n\t\t\t\t\t--wpforms-field-border-radius: 3px;\n--wpforms-field-background-color: #ffffff;\n--wpforms-field-border-color: rgba( 0, 0, 0, 0.25 );\n--wpforms-field-text-color: rgba( 0, 0, 0, 0.7 );\n--wpforms-label-color: rgba( 0, 0, 0, 0.85 );\n--wpforms-label-sublabel-color: rgba( 0, 0, 0, 0.55 );\n--wpforms-label-error-color: #d63637;\n--wpforms-button-border-radius: 3px;\n--wpforms-button-background-color: #066aab;\n--wpforms-button-text-color: #ffffff;\n--wpforms-field-size-input-height: 43px;\n--wpforms-field-size-input-spacing: 15px;\n--wpforms-field-size-font-size: 16px;\n--wpforms-field-size-line-height: 19px;\n--wpforms-field-size-padding-h: 14px;\n--wpforms-field-size-checkbox-size: 16px;\n--wpforms-field-size-sublabel-spacing: 5px;\n--wpforms-field-size-icon-size: 1;\n--wpforms-label-size-font-size: 16px;\n--wpforms-label-size-line-height: 19px;\n--wpforms-label-size-sublabel-font-size: 14px;\n--wpforms-label-size-sublabel-line-height: 17px;\n--wpforms-button-size-font-size: 17px;\n--wpforms-button-size-height: 41px;\n--wpforms-button-size-padding-h: 15px;\n--wpforms-button-size-margin-top: 10px;\n\n\t\t\t\t}\n\t\t\t<\/style><div class=\"wpforms-container ecomm-wpforms wpforms-render-modern\" id=\"wpforms-1884\"><form id=\"wpforms-form-1884\" class=\"wpforms-validate wpforms-form\" data-formid=\"1884\" method=\"post\" enctype=\"multipart\/form-data\" action=\"\/en\/wp-json\/wp\/v2\/pages\/524\" data-token=\"8a69fc319288b81edda60c4689220cc0\"><noscript class=\"wpforms-error-noscript\">Please enable JavaScript in your browser to complete this form.<\/noscript><div class=\"wpforms-hidden\" id=\"wpforms-error-noscript\">Please enable JavaScript in your browser to complete this form.<\/div><div class=\"wpforms-field-container\"><div id=\"wpforms-1884-field_1-container\" class=\"wpforms-field wpforms-field-text wpforms-one-half wpforms-first\" data-field-id=\"1\"><label class=\"wpforms-field-label wpforms-label-hide\" for=\"wpforms-1884-field_1\" aria-hidden=\"false\">Text* Field (your-name) <span class=\"wpforms-required-label\" aria-hidden=\"true\">*<\/span><\/label><input type=\"text\" id=\"wpforms-1884-field_1\" class=\"wpforms-field-large wpforms-field-required\" name=\"wpforms[fields][1]\" placeholder=\"Name\" aria-errormessage=\"wpforms-1884-field_1-error\" required><\/div><div id=\"wpforms-1884-field_2-container\" class=\"wpforms-field wpforms-field-email wpforms-one-half\" data-field-id=\"2\"><label class=\"wpforms-field-label wpforms-label-hide\" for=\"wpforms-1884-field_2\" aria-hidden=\"false\">Email* Field (your-email) <span class=\"wpforms-required-label\" aria-hidden=\"true\">*<\/span><\/label><input type=\"email\" id=\"wpforms-1884-field_2\" class=\"wpforms-field-large wpforms-field-required\" name=\"wpforms[fields][2]\" placeholder=\"Email\" spellcheck=\"false\" aria-errormessage=\"wpforms-1884-field_2-error\" required><\/div><div id=\"wpforms-1884-field_3-container\" class=\"wpforms-field wpforms-field-textarea\" data-field-id=\"3\"><label class=\"wpforms-field-label wpforms-label-hide\" for=\"wpforms-1884-field_3\" aria-hidden=\"false\">Textarea Field (your-message)<\/label><textarea id=\"wpforms-1884-field_3\" class=\"wpforms-field-medium\" name=\"wpforms[fields][3]\" placeholder=\"Message\" aria-errormessage=\"wpforms-1884-field_3-error\" ><\/textarea><\/div><\/div><!-- .wpforms-field-container --><div class=\"wpforms-submit-container\" ><input type=\"hidden\" name=\"wpforms[id]\" value=\"1884\"><input type=\"hidden\" name=\"wpforms[author]\" value=\"1\">\t\t<div class=\"wpforms-button-icon\">\n\t\t\t<span class=\"button-icon form-icon long-arrow\">\n\t\t\t\t<svg width=\"30\" height=\"14\" viewBox=\"0 0 30 14\" fill=\"none\" xmlns=\"http:\/\/www.w3.org\/2000\/svg\">\n\t\t\t\t\t<path d=\"M1 7L27 7\" stroke=\"#000000\" stroke-width=\"1.5\" stroke-linecap=\"round\" stroke-linejoin=\"round\"\/>\n\t\t\t\t\t<path d=\"M23.875 3.0625L27.8125 7L23.875 10.9375\" stroke=\"#000000\" stroke-width=\"1.5\" stroke-linecap=\"round\" stroke-linejoin=\"round\"\/>\n\t\t\t\t<\/svg>\n\t\t\t<\/span>\n\t\t\n\t\t\t<span class=\"button-icon form-icon short-arrow\">\n\t\t\t\t<svg width=\"32\" height=\"32\" viewBox=\"0 0 32 32\" fill=\"none\" xmlns=\"http:\/\/www.w3.org\/2000\/svg\">\n\t\t\t\t\t<path d=\"M5 16H27\" stroke=\"#000000\" stroke-width=\"1.5\" stroke-linecap=\"round\" stroke-linejoin=\"round\"\/>\n\t\t\t\t\t<path d=\"M18 7L27 16L18 25\" stroke=\"#000000\" stroke-width=\"1.5\" stroke-linecap=\"round\" stroke-linejoin=\"round\"\/>\n\t\t\t\t<\/svg>\n\t\t\t<\/span>\n\t\t<\/div>\n\t\t<button type=\"submit\" name=\"wpforms[submit]\" id=\"wpforms-submit-1884\" class=\"wpforms-submit\" data-alt-text=\"Sending\" data-submit-text=\"Submit\" aria-live=\"assertive\" value=\"wpforms-submit\">Submit<\/button><\/div><\/form><\/div>  <!-- .wpforms-container -->\t\t<\/div>\n\t\t\t\t<\/div>\n\t\t\t\t\t\t<\/div>\n\t\t\t\t\t<\/div>\n\t\t<\/div>\n\t\t\t\t\t\t\t\t<\/div>\n\t\t\t\t\t<\/div>\n\t\t<\/section>\n\t\t\t\t\t\t\t\t\t<\/div>\n\t\t\t<\/div>\n\t\t\t\t\t<\/div>\n\t\t","protected":false},"excerpt":{"rendered":"<p>Keep in touch with us If you have any questions regarding our articles, processing or your orders, we are of course at your disposal. You can of course also write to us directly easy on Facebook &amp; Instagram. Address Production \/ Logistics \/ Pick-Up &amp; Returns: windeltorte.com Gm\u00fcnder Stra\u00dfe 43 3943 Schrems Austria Head Quarter brandnation GmbH Salzburger Stra\u00dfe 75 5303 Thalgau Austria Google Map &#8211; Route Contact Hotline: +43 720310388 E-mail: hello@windeltorte.com Opening hours Mon &#8211; Fri: 08:30 &#8211; 12:00 Afterwards \/ Sat &amp; Sun: Pick-up box Hotline: 24 hours \/ 7 days {&#8220;settings&#8221;:{&#8220;zoom&#8221;:12,&#8221;mapTypeControl&#8221;:false,&#8221;mapTypeId&#8221;:&#8221;roadmap&#8221;,&#8221;styles&#8221;:[{&#8220;featureType&#8221;:&#8221;water&#8221;,&#8221;elementType&#8221;:&#8221;geometry&#8221;,&#8221;stylers&#8221;:[{&#8220;color&#8221;:&#8221;#e9e9e9&#8243;},{&#8220;lightness&#8221;:17}]},{&#8220;featureType&#8221;:&#8221;landscape&#8221;,&#8221;elementType&#8221;:&#8221;geometry&#8221;,&#8221;stylers&#8221;:[{&#8220;color&#8221;:&#8221;#f5f5f5&#8243;},{&#8220;lightness&#8221;:20}]},{&#8220;featureType&#8221;:&#8221;road.highway&#8221;,&#8221;elementType&#8221;:&#8221;geometry.fill&#8221;,&#8221;stylers&#8221;:[{&#8220;color&#8221;:&#8221;#ffffff&#8221;},{&#8220;lightness&#8221;:17}]},{&#8220;featureType&#8221;:&#8221;road.highway&#8221;,&#8221;elementType&#8221;:&#8221;geometry.stroke&#8221;,&#8221;stylers&#8221;:[{&#8220;color&#8221;:&#8221;#ffffff&#8221;},{&#8220;lightness&#8221;:29},{&#8220;weight&#8221;:0.200000000000000011102230246251565404236316680908203125}]},{&#8220;featureType&#8221;:&#8221;road.arterial&#8221;,&#8221;elementType&#8221;:&#8221;geometry&#8221;,&#8221;stylers&#8221;:[{&#8220;color&#8221;:&#8221;#ffffff&#8221;},{&#8220;lightness&#8221;:18}]},{&#8220;featureType&#8221;:&#8221;road.local&#8221;,&#8221;elementType&#8221;:&#8221;geometry&#8221;,&#8221;stylers&#8221;:[{&#8220;color&#8221;:&#8221;#ffffff&#8221;},{&#8220;lightness&#8221;:16}]},{&#8220;featureType&#8221;:&#8221;poi&#8221;,&#8221;elementType&#8221;:&#8221;geometry&#8221;,&#8221;stylers&#8221;:[{&#8220;color&#8221;:&#8221;#f5f5f5&#8243;},{&#8220;lightness&#8221;:21}]},{&#8220;featureType&#8221;:&#8221;poi.park&#8221;,&#8221;elementType&#8221;:&#8221;geometry&#8221;,&#8221;stylers&#8221;:[{&#8220;color&#8221;:&#8221;#dedede&#8221;},{&#8220;lightness&#8221;:21}]},{&#8220;elementType&#8221;:&#8221;labels.text.stroke&#8221;,&#8221;stylers&#8221;:[{&#8220;visibility&#8221;:&#8221;on&#8221;},{&#8220;color&#8221;:&#8221;#ffffff&#8221;},{&#8220;lightness&#8221;:16}]},{&#8220;elementType&#8221;:&#8221;labels.text.fill&#8221;,&#8221;stylers&#8221;:[{&#8220;saturation&#8221;:36},{&#8220;color&#8221;:&#8221;#333333&#8243;},{&#8220;lightness&#8221;:40}]},{&#8220;elementType&#8221;:&#8221;labels.icon&#8221;,&#8221;stylers&#8221;:[{&#8220;visibility&#8221;:&#8221;off&#8221;}]},{&#8220;featureType&#8221;:&#8221;transit&#8221;,&#8221;elementType&#8221;:&#8221;geometry&#8221;,&#8221;stylers&#8221;:[{&#8220;color&#8221;:&#8221;#f2f2f2&#8243;},{&#8220;lightness&#8221;:19}]},{&#8220;featureType&#8221;:&#8221;administrative&#8221;,&#8221;elementType&#8221;:&#8221;geometry.fill&#8221;,&#8221;stylers&#8221;:[{&#8220;color&#8221;:&#8221;#fefefe&#8221;},{&#8220;lightness&#8221;:20}]},{&#8220;featureType&#8221;:&#8221;administrative&#8221;,&#8221;elementType&#8221;:&#8221;geometry.stroke&#8221;,&#8221;stylers&#8221;:[{&#8220;color&#8221;:&#8221;#fefefe&#8221;},{&#8220;lightness&#8221;:17},{&#8220;weight&#8221;:1.1999999999999999555910790149937383830547332763671875}]}],&#8221;zoomControl&#8221;:false,&#8221;scaleControl&#8221;:false,&#8221;streetViewControl&#8221;:false,&#8221;fullscreenControl&#8221;:false,&#8221;scrollwheel&#8221;:true,&#8221;draggable&#8221;:true,&#8221;center&#8221;:[&#8220;48.79076203146563&#8243;,&#8221; 15.05989038283769&#8243;]},&#8221;marker&#8221;:[{&#8220;position&#8221;:[&#8220;48.79076203146563&#8243;,&#8221; 15.05989038283769&#8243;]}],&#8221;overlay&#8221;:[{&#8220;position&#8221;:[&#8220;48.79076203146563&#8243;,&#8221; 15.05989038283769&#8243;],&#8221;content&#8221;:&#8221;u003Cdiv class=u0022ecomm-map-overlay ecomm-map-overlay- elementor-repeater-item-31594d9u0022u003Eu003Cdiv class=u0022gmap-info-wrapper style-iconu0022u003Eu003Cdiv class=u0022gmap-marker-iconu0022u003Eu003Cimg src=u0022https:\/\/diaper-cake.com\/wp-content\/uploads\/2021\/09\/maker.pngu0022 \/u003Eu003C\/divu003Eu003C\/divu003Eu003C\/divu003E&#8221;}]} Sent a message Please enable JavaScript in your browser to complete this form.Please enable JavaScript in your browser to complete this form.Text* Field (your-name) *Email* Field (your-email) *Textarea Field (your-message) Submit<\/p>\n","protected":false},"author":1,"featured_media":0,"parent":0,"menu_order":0,"comment_status":"closed","ping_status":"closed","template":"","meta":{"footnotes":""},"class_list":["post-524","page","type-page","status-publish","hentry","post-no-thumbnail"],"_links":{"self":[{"href":"https:\/\/diaper-cake.com\/en\/wp-json\/wp\/v2\/pages\/524","targetHints":{"allow":["GET"]}}],"collection":[{"href":"https:\/\/diaper-cake.com\/en\/wp-json\/wp\/v2\/pages"}],"about":[{"href":"https:\/\/diaper-cake.com\/en\/wp-json\/wp\/v2\/types\/page"}],"author":[{"embeddable":true,"href":"https:\/\/diaper-cake.com\/en\/wp-json\/wp\/v2\/users\/1"}],"replies":[{"embeddable":true,"href":"https:\/\/diaper-cake.com\/en\/wp-json\/wp\/v2\/comments?post=524"}],"version-history":[{"count":17,"href":"https:\/\/diaper-cake.com\/en\/wp-json\/wp\/v2\/pages\/524\/revisions"}],"predecessor-version":[{"id":56507,"href":"https:\/\/diaper-cake.com\/en\/wp-json\/wp\/v2\/pages\/524\/revisions\/56507"}],"wp:attachment":[{"href":"https:\/\/diaper-cake.com\/en\/wp-json\/wp\/v2\/media?parent=524"}],"curies":[{"name":"wp","href":"https:\/\/api.w.org\/{rel}","templated":true}]}}