{"id":9067,"date":"2023-10-24T11:23:27","date_gmt":"2023-10-24T11:23:27","guid":{"rendered":"https:\/\/diaper-cake.com\/landing-for-boys\/"},"modified":"2023-11-15T09:07:32","modified_gmt":"2023-11-15T09:07:32","slug":"diaper-cake-boys","status":"publish","type":"page","link":"https:\/\/diaper-cake.com\/de-be\/diaper-cake-boys\/","title":{"rendered":"Diaper cake for boys"},"content":{"rendered":"\t\t<div data-elementor-type=\"wp-page\" data-elementor-id=\"9067\" class=\"elementor elementor-9067 elementor-9052\" data-elementor-post-type=\"page\">\n\t\t\t\t\t\t<div class=\"elementor-inner\">\n\t\t\t\t<div class=\"elementor-section-wrap\">\n\t\t\t\t\t\t\t\t\t<section class=\"elementor-section elementor-top-section elementor-element elementor-element-10fc749 elementor-section-boxed elementor-section-gap-beside-yes elementor-section-height-default elementor-section-height-default elementor-section-column-vertical-align-stretch\" data-id=\"10fc749\" data-element_type=\"section\">\n\t\t\t\t\t\t<div class=\"elementor-container elementor-column-gap-extended\">\n\t\t\t\t\t\t\t<div class=\"elementor-row\">\n\t\t\t\t\t<div class=\"elementor-column elementor-col-100 elementor-top-column elementor-element elementor-element-383ad23\" data-id=\"383ad23\" data-element_type=\"column\">\n\t\t\t<div class=\"elementor-column-wrap elementor-element-populated\">\n\t\t\t\t\t\t\t<div class=\"elementor-widget-wrap\">\n\t\t\t\t\t\t<div class=\"elementor-element elementor-element-a462f88 elementor-widget elementor-widget-text-editor\" data-id=\"a462f88\" data-element_type=\"widget\" data-widget_type=\"text-editor.default\">\n\t\t\t\t<div class=\"elementor-widget-container\">\n\t\t\t<style>\/*! elementor - v3.17.0 - 08-11-2023 *\/\n.elementor-widget-text-editor.elementor-drop-cap-view-stacked .elementor-drop-cap{background-color:#69727d;color:#fff}.elementor-widget-text-editor.elementor-drop-cap-view-framed .elementor-drop-cap{color:#69727d;border:3px solid;background-color:transparent}.elementor-widget-text-editor:not(.elementor-drop-cap-view-default) .elementor-drop-cap{margin-top:8px}.elementor-widget-text-editor:not(.elementor-drop-cap-view-default) .elementor-drop-cap-letter{width:1em;height:1em}.elementor-widget-text-editor .elementor-drop-cap{float:left;text-align:center;line-height:1;font-size:50px}.elementor-widget-text-editor .elementor-drop-cap-letter{display:inline-block}<\/style>\t\t\t\t\t<div class=\"elementor-text-editor elementor-clearfix\">\n\t\t\t\t<p style=\"text-align: center;\">Are you looking for a diaper cake for boys with the highest quality and creative diaper figures? Our diaper gifts for boys combine useful baby products with original, boyish designs.<\/p><p style=\"text-align: center;\">You don&#8217;t need to follow any instructions to create a personalized diaper cake, simply order your personalized diaper figurine for boys from us online. Our cheeky motifs for little princes are in soft blue and are lovingly handcrafted.<\/p>\t\t\t\t\t<\/div>\n\t\t\t\t\t\t<\/div>\n\t\t\t\t<\/div>\n\t\t\t\t\t\t<\/div>\n\t\t\t\t\t<\/div>\n\t\t<\/div>\n\t\t\t\t\t\t\t\t<\/div>\n\t\t\t\t\t<\/div>\n\t\t<\/section>\n\t\t\t\t\t\t\t\t\t<\/div>\n\t\t\t<\/div>\n\t\t\t\t\t<\/div>\n\t\t","protected":false},"excerpt":{"rendered":"<p>Are you looking for a diaper cake for boys with the highest quality and creative diaper figures? Our diaper gifts for boys combine useful baby products with original, boyish designs. You don&#8217;t need to follow any instructions to create a personalized diaper cake, simply order your personalized diaper figurine for boys from us online. Our cheeky motifs for little princes are in soft blue and are lovingly handcrafted. Maus &#36;59,99 Auto &#36;59,99 Baby &#36;59,99 Bagger &#36;69,99 Batbaby &#36;69,99 Bett &#36;59,99 Blumenstrauss &#36;49,99 DJ &#36;69,99 Dreirad &#36;49,99 Elefant &#36;59,99 Eule &#36;59,99 Flugzeug &#36;59,99 Fuchs &#36;59,99 Giraffe &#36;59,99 Giraffe klein &#36;34,99 Hase &#36;59,99 Hund &#36;59,99 hund mit Schnauz &#36;59,99 Kaola &#36;59,99 Katze &#36;59,99 Kinderwagen &#36;59,99 Kinderwagen mit Esel &#36;69,99 Lama &#36;59,99 Lastauto &#36;59,99 Mischwagen &#36;79,99 Motorrad &#36;59,99 M\u00fchle &#36;69,99 Pandab\u00e4r &#36;59,99 Schiff &#36;49,99 Schildkr\u00f6te &#36;48,99 Schloss &#36;49,99 Schmetterling &#36;59,99 Schnecke &#36;46,80 Schutzengel &#36;59,99 Teddy &#36;59,99 Traktor &#36;59,99 Wohnmobil &#36;69,99<\/p>\n","protected":false},"author":1,"featured_media":0,"parent":0,"menu_order":0,"comment_status":"closed","ping_status":"closed","template":"","meta":{"footnotes":""},"class_list":["post-9067","page","type-page","status-publish","hentry","post-no-thumbnail"],"_links":{"self":[{"href":"https:\/\/diaper-cake.com\/de-be\/wp-json\/wp\/v2\/pages\/9067","targetHints":{"allow":["GET"]}}],"collection":[{"href":"https:\/\/diaper-cake.com\/de-be\/wp-json\/wp\/v2\/pages"}],"about":[{"href":"https:\/\/diaper-cake.com\/de-be\/wp-json\/wp\/v2\/types\/page"}],"author":[{"embeddable":true,"href":"https:\/\/diaper-cake.com\/de-be\/wp-json\/wp\/v2\/users\/1"}],"replies":[{"embeddable":true,"href":"https:\/\/diaper-cake.com\/de-be\/wp-json\/wp\/v2\/comments?post=9067"}],"version-history":[{"count":7,"href":"https:\/\/diaper-cake.com\/de-be\/wp-json\/wp\/v2\/pages\/9067\/revisions"}],"predecessor-version":[{"id":57238,"href":"https:\/\/diaper-cake.com\/de-be\/wp-json\/wp\/v2\/pages\/9067\/revisions\/57238"}],"wp:attachment":[{"href":"https:\/\/diaper-cake.com\/de-be\/wp-json\/wp\/v2\/media?parent=9067"}],"curies":[{"name":"wp","href":"https:\/\/api.w.org\/{rel}","templated":true}]}}